{"id":7558,"date":"2024-11-06T17:37:12","date_gmt":"2024-11-06T16:37:12","guid":{"rendered":"https:\/\/beewiseapp.com\/fr\/?page_id=7467"},"modified":"2025-07-17T10:24:32","modified_gmt":"2025-07-04T10:18:22","slug":"landing-investments","status":"publish","type":"page","link":"https:\/\/beewiseapp.com\/be","title":{"rendered":"Landing investments"},"content":{"rendered":"","protected":false},"excerpt":{"rendered":"","protected":false},"author":1,"featured_media":0,"parent":0,"menu_order":0,"comment_status":"closed","ping_status":"closed","template":"page-templates\/landing-investments-lu.php","meta":{"_crosspost_to_1":false,"_crosspost_to_2":false,"_crosspost_to_3":true,"_crosspost_to_5":true,"content-type":"","footnotes":""},"class_list":["post-7558","page","type-page","status-publish","hentry"],"acf":{"cover":{"text":"<h1 style=\"text-align: center;\"><span data-sheets-root=\"1\">Investir ne sera plus<\/span>\r\n<span data-sheets-root=\"1\">jamais comme avant.<\/span><\/h1>\r\n<p style=\"text-align: center;\"><span data-sheets-root=\"1\">Hourra, Beewise est l\u00e0 !\r\nBienvenue dans l'\u00e8re des investissements simples, accessibles et intelligents.\r\nVous aussi, participez au changement.<\/span><\/p>","buttons":[{"button":{"title":"Rejoignez notre liste d'attente","url":"#join","target":""},"is_primary":true}],"image_left":0,"image_right":7559},"page_blocks":[{"acf_fc_layout":"text_with_hubspot_form","text":"<h2><span data-sheets-root=\"1\">Plus t\u00f4t vous t\u00e9l\u00e9chargez, plus t\u00f4t vous investirez.<\/span><\/h2>\r\n<span data-sheets-root=\"1\">Laissez-nous vos coordonn\u00e9es, nous vous informerons d\u00e8s que Beewise sera disponible dans votre pays.<\/span>","swap_order":false,"has_lighter_background":false,"viral_loops_form_id":"LuVFEo4lrtpVqssQXND1o3r0zQQ","viral_loops_form_disclaimer":"Consultez notre <a href=\"https:\/\/beewiseapp.com\/fr\/wp-content\/uploads\/sites\/3\/2025\/07\/Beewise_information_notice_FR.pdf\" target=\"_blank\" rel=\"noopener\">Avis d'information<\/a>,\u00a0nos <a href=\"https:\/\/beewise.easyapps.it\/fr\/wp-content\/uploads\/sites\/3\/2025\/06\/Beewise-Website_Terms-and-Conditions_FR.pdf\" target=\"_blank\" rel=\"noopener\">Conditions d'utilisation<\/a> et notre <a href=\"https:\/\/beewiseapp.com\/fr\/wp-content\/uploads\/sites\/3\/2025\/07\/Beewise_cookie_policy_FR_030725.pdf\" target=\"_blank\" rel=\"noopener\">Politique relative aux <span class=\"outlook-search-highlight\" data-markjs=\"true\">cookie<\/span>s<\/a> pour plus de d\u00e9tails."},{"acf_fc_layout":"cards_slider","title":"<h1><span data-sheets-root=\"1\">Les investissements \u00e0 la port\u00e9e de tout le monde.<\/span><\/h1>","cards":[{"icon":7561,"title":"Vous n'avez pas de connaissances en finance\u00a0? Aucun souci\u00a0!","text":"<strong>Investissez avec Beewise, m\u00eame si vous n'\u00eates pas un expert en finance.<\/strong>\r\n\r\n<span data-sheets-root=\"1\">D\u00e9finissez vos objectifs, votre budget et choisissez le portefeuille th\u00e9matique qui vous convient. Impossible de se tromper\u00a0: l'application vous sugg\u00e8re le profil d'investissement qui vous convient et une \u00e9quipe d'experts s'occupe de g\u00e9rer votre portefeuille.<\/span>"},{"icon":7563,"title":"Choisissez un objectif \u00e0 atteindre.","text":"<strong>Vous avez s\u00fbrement des projets plein la t\u00eate.<\/strong>\r\n\r\n<span data-sheets-root=\"1\">Un voyage autour du monde, une maison en bord de mer, une voiture d\u00e9capotable. Ou juste un nouveau canap\u00e9. Choisissez votre objectif, nous vous aidons \u00e0 l'atteindre.<\/span>"},{"icon":7565,"title":"Lancez-vous avec 10\u00a0\u20ac seulement.","text":"<strong>Avec Beewise, vous pouvez commencer modestement.<\/strong>\r\n\r\n<span data-sheets-root=\"1\">Commencez \u00e0 investir avec 10\u00a0\u20ac seulement. Ajoutez chaque mois la somme de votre choix, et sans m\u00eame vous en rendre compte, vous verrez votre investissement cro\u00eetre.<\/span>"},{"icon":7567,"title":"Vous avez une \u00e9pargne\u00a0? Appuyez ici\u00a0!","text":"<strong>La fonction Gestionnaire financier personnel vous permet de d\u00e9finir un budget mensuel pour chaque cat\u00e9gorie.<\/strong>\r\n\r\n<span data-sheets-root=\"1\">L'application vous avertit si vous d\u00e9pensez plus ou si vous \u00e9pargnez, en fonction du budget que vous avez d\u00e9fini. \u00c0 la fin du mois, un simple tapotement suffit pour investir votre \u00e9pargne.<\/span>"}],"has_lighter_background":true},{"acf_fc_layout":"text_with_image","text":"<h2><span data-sheets-root=\"1\">Tandis que vous faites des projets, le monde n'arr\u00eate pas de progresser.<\/span><\/h2>\r\n<span data-sheets-root=\"1\">Choisissez parmi <strong>6\u00a0portefeuilles diversifi\u00e9s<\/strong>, dont 5 correspondent aux grandes tendances de demain. En choisissant l'un d'eux, vous faites le bon choix pour votre capital et pour la soci\u00e9t\u00e9.<\/span>","image":7569,"image_mobile":0,"swap_order":true,"has_lighter_background":false},{"acf_fc_layout":"text_with_image","text":"<img class=\"alignnone size-full wp-image-7172\" src=\"https:\/\/beewiseapp.com\/fr\/wp-content\/uploads\/sites\/3\/2024\/09\/Logo-WeForest.png\" alt=\"\" width=\"113\" height=\"64\" \/>\r\n<h2><span data-sheets-root=\"1\">Votre \u00e9pargne cro\u00eet en m\u00eame temps que les for\u00eats.<\/span><\/h2>\r\n<span data-sheets-root=\"1\">Vous pouvez \u00e9galement <strong>faire don de 1\u00a0% de vos investissements \u00e0 WeForest<\/strong>, une organisation \u00e0 but non lucratif qui se consacre \u00e0 des projets de reforestation.\r\nCe n'est qu'un d\u00e9but, mais ensemble nous pouvons rendre la plan\u00e8te plus verte.<\/span>","image":7571,"image_mobile":7573,"swap_order":false,"has_lighter_background":false},{"acf_fc_layout":"text_with_image","text":"<h2><span data-sheets-root=\"1\">Nous sommes de nouveaux venus, mais pas des d\u00e9butants.<\/span><\/h2>\r\n<span data-sheets-root=\"1\">Beewise fait partie du <strong>Groupe Azimut<\/strong>, leader sur le march\u00e9 des investissements depuis <strong>30\u00a0ans<\/strong>. Cela signifie que tous nos portefeuilles sont g\u00e9r\u00e9s par une \u00e9quipe d'experts et que vous pouvez vous d\u00e9tendre pendant que nous travaillons \u00e0 faire fructifier votre \u00e9pargne.<\/span>","image":7575,"image_mobile":0,"swap_order":true,"has_lighter_background":true}],"footer_cta":{"text":"<h2 style=\"text-align: center;\"><span data-sheets-root=\"1\">Qu'attendez-vous pour investir\u00a0?<\/span><\/h2>","buttons":[{"button":{"title":"Rejoignez notre liste d'attente","url":"#join","target":""},"is_primary":true}]}},"yoast_head":"<!-- This site is optimized with the Yoast SEO plugin v20.1 - https:\/\/yoast.com\/wordpress\/plugins\/seo\/ -->\n<title>Landing investments - beewise be<\/title>\n<meta name=\"robots\" content=\"index, follow, max-snippet:-1, max-image-preview:large, max-video-preview:-1\" \/>\n<link rel=\"canonical\" href=\"https:\/\/beewiseapp.com\/be\" \/>\n<meta property=\"og:locale\" content=\"fr_FR\" \/>\n<meta property=\"og:type\" content=\"article\" \/>\n<meta property=\"og:title\" content=\"Landing investments - beewise be\" \/>\n<meta property=\"og:url\" content=\"https:\/\/beewiseapp.com\/be\" \/>\n<meta property=\"og:site_name\" content=\"beewise be\" \/>\n<meta property=\"article:modified_time\" content=\"2025-07-04T10:18:22+00:00\" \/>\n<meta name=\"twitter:card\" content=\"summary_large_image\" \/>\n<script type=\"application\/ld+json\" class=\"yoast-schema-graph\">{\"@context\":\"https:\/\/schema.org\",\"@graph\":[{\"@type\":\"WebPage\",\"@id\":\"https:\/\/beewiseapp.com\/be\",\"url\":\"https:\/\/beewiseapp.com\/be\",\"name\":\"Landing investments - beewise be\",\"isPartOf\":{\"@id\":\"https:\/\/beewiseapp.com\/be\/#website\"},\"datePublished\":\"2024-11-06T16:37:12+00:00\",\"dateModified\":\"2025-07-04T10:18:22+00:00\",\"breadcrumb\":{\"@id\":\"https:\/\/beewiseapp.com\/be#breadcrumb\"},\"inLanguage\":\"fr-FR\",\"potentialAction\":[{\"@type\":\"ReadAction\",\"target\":[\"https:\/\/beewiseapp.com\/be\"]}]},{\"@type\":\"BreadcrumbList\",\"@id\":\"https:\/\/beewiseapp.com\/be#breadcrumb\",\"itemListElement\":[{\"@type\":\"ListItem\",\"position\":1,\"name\":\"Home\",\"item\":\"https:\/\/beewiseapp.com\/be\"},{\"@type\":\"ListItem\",\"position\":2,\"name\":\"Landing investments\"}]},{\"@type\":\"WebSite\",\"@id\":\"https:\/\/beewiseapp.com\/be\/#website\",\"url\":\"https:\/\/beewiseapp.com\/be\/\",\"name\":\"beewise be\",\"description\":\"Believe, invest, grow.\",\"potentialAction\":[{\"@type\":\"SearchAction\",\"target\":{\"@type\":\"EntryPoint\",\"urlTemplate\":\"https:\/\/beewiseapp.com\/be\/?s={search_term_string}\"},\"query-input\":\"required name=search_term_string\"}],\"inLanguage\":\"fr-FR\"}]}<\/script>\n<!-- \/ Yoast SEO plugin. -->","yoast_head_json":{"title":"Landing investments - beewise be","robots":{"index":"index","follow":"follow","max-snippet":"max-snippet:-1","max-image-preview":"max-image-preview:large","max-video-preview":"max-video-preview:-1"},"canonical":"https:\/\/beewiseapp.com\/be","og_locale":"fr_FR","og_type":"article","og_title":"Landing investments - beewise be","og_url":"https:\/\/beewiseapp.com\/be","og_site_name":"beewise be","article_modified_time":"2025-07-04T10:18:22+00:00","twitter_card":"summary_large_image","schema":{"@context":"https:\/\/schema.org","@graph":[{"@type":"WebPage","@id":"https:\/\/beewiseapp.com\/be","url":"https:\/\/beewiseapp.com\/be","name":"Landing investments - beewise be","isPartOf":{"@id":"https:\/\/beewiseapp.com\/be\/#website"},"datePublished":"2024-11-06T16:37:12+00:00","dateModified":"2025-07-04T10:18:22+00:00","breadcrumb":{"@id":"https:\/\/beewiseapp.com\/be#breadcrumb"},"inLanguage":"fr-FR","potentialAction":[{"@type":"ReadAction","target":["https:\/\/beewiseapp.com\/be"]}]},{"@type":"BreadcrumbList","@id":"https:\/\/beewiseapp.com\/be#breadcrumb","itemListElement":[{"@type":"ListItem","position":1,"name":"Home","item":"https:\/\/beewiseapp.com\/be"},{"@type":"ListItem","position":2,"name":"Landing investments"}]},{"@type":"WebSite","@id":"https:\/\/beewiseapp.com\/be\/#website","url":"https:\/\/beewiseapp.com\/be\/","name":"beewise be","description":"Believe, invest, grow.","potentialAction":[{"@type":"SearchAction","target":{"@type":"EntryPoint","urlTemplate":"https:\/\/beewiseapp.com\/be\/?s={search_term_string}"},"query-input":"required name=search_term_string"}],"inLanguage":"fr-FR"}]}},"_links":{"self":[{"href":"https:\/\/beewiseapp.com\/be\/wp-json\/wp\/v2\/pages\/7558","targetHints":{"allow":["GET"]}}],"collection":[{"href":"https:\/\/beewiseapp.com\/be\/wp-json\/wp\/v2\/pages"}],"about":[{"href":"https:\/\/beewiseapp.com\/be\/wp-json\/wp\/v2\/types\/page"}],"author":[{"embeddable":true,"href":"https:\/\/beewiseapp.com\/be\/wp-json\/wp\/v2\/users\/1"}],"replies":[{"embeddable":true,"href":"https:\/\/beewiseapp.com\/be\/wp-json\/wp\/v2\/comments?post=7558"}],"version-history":[{"count":2,"href":"https:\/\/beewiseapp.com\/be\/wp-json\/wp\/v2\/pages\/7558\/revisions"}],"predecessor-version":[{"id":7618,"href":"https:\/\/beewiseapp.com\/be\/wp-json\/wp\/v2\/pages\/7558\/revisions\/7618"}],"wp:attachment":[{"href":"https:\/\/beewiseapp.com\/be\/wp-json\/wp\/v2\/media?parent=7558"}],"curies":[{"name":"wp","href":"https:\/\/api.w.org\/{rel}","templated":true}]}}