{"id":3173,"date":"2023-02-23T12:11:47","date_gmt":"2023-02-23T11:11:47","guid":{"rendered":"https:\/\/beewiseapp.com\/it\/?page_id=3173"},"modified":"2025-11-04T16:56:33","modified_gmt":"2025-11-04T15:56:33","slug":"chi-siamo","status":"publish","type":"page","link":"https:\/\/beewiseapp.com\/it\/chi-siamo","title":{"rendered":"Chi siamo"},"content":{"rendered":"","protected":false},"excerpt":{"rendered":"","protected":false},"author":1,"featured_media":0,"parent":0,"menu_order":0,"comment_status":"closed","ping_status":"closed","template":"page-templates\/chi-siamo.php","meta":{"_crosspost_to_1":false,"_crosspost_to_3":false,"_crosspost_to_4":false,"_crosspost_to_5":false,"content-type":"","footnotes":""},"class_list":["post-3173","page","type-page","status-publish","hentry"],"acf":{"titolo":"Azimut. Investire si fa semplice.","testo_1":"Investire. Pensavi non facesse per te, che fosse complicato, per \u201caddetti ai lavori\u201d. E avevi ragione. Noi di Azimut lo facciamo da 30 anni: in effetti ci vuole esperienza.\r\n\r\nEppure crediamo che investire debba essere un diritto di tutti. Cos\u00ec abbiamo creato Beewise. Perch\u00e9 siamo convinti che ognuno debba avere la possibilit\u00e0 di veder crescere i propri risparmi.","animazione_1":474,"titolo_2":"Tutto in un'app.","testo_2":"Vogliamo che il mondo degli investimenti diventi accessibile anche a chi non sa dove mettere le mani. Ma non ci basta. Vogliamo anche che migliori il pianeta e la vita di chi lo abita.\r\n\r\nPer questo ti offriamo fondi di investimento tematici diversificati, un\u2019esperienza senza paragoni e una cyber security di altissimo livello. Tutto questo, con la semplicit\u00e0 di un\u2019app.","animazione_2":476,"team":{"titolo":"Il nostro team.","membri":[{"nome":"Matthias Van Den Eede","ruolo":"Founder - Belga","immagine":2824,"animazione":81,"citazione":"\u201cLiberati da ogni pensiero limitante. Quando ci credi, tutto prende forma\".","testo":"Matthias \u00e8 il Business Development Manager di Azimut: ha avviato da zero il progetto Beewise e l'ha seguito passo dopo passo fino a farlo diventare l'app di investimenti che \u00e8 oggi. Matthias tiene tutto sotto controllo, dagli aspetti tecnici fino alle vendite e al marketing."},{"nome":"Davide Pascali","ruolo":"Portfolio Manager - Italiano","immagine":2059,"animazione":472,"citazione":"\"Se continui a sfidare te stesso e ad abbracciare il cambiamento, non smetterai mai di migliorare\".\r\n","testo":"Davide lavora da diversi anni come analista e junior Portfolio Manager per Azimut. \u00c8 salito a bordo del progetto Beewise con una missione: creare e gestire i fondi di investimento tematici insieme al team Azimut Global."},{"nome":"Adriana Batista","ruolo":"Digital Marketing Specialist - Portoghese","immagine":9548,"animazione":83,"citazione":"\u201cFallire non \u00e8 la fine; \u00e8 la prova che ci stai provando. Continua cos\u00ec, il vero cambiamento richiede tempo.\u201d","testo":"Adriana lavora sia sul fronte creativo sia su quello strategico per promuovere Beewise. Il suo obiettivo \u00e8 mettere in contatto Beewise con chiunque desideri investire con noi su temi che ci stanno a cuore. Adriana \u00e8 in prima linea nell'ideazione dei concept di comunicazione, nella creazione di contenuti e nella definizione delle strategie di marketing."},{"nome":"Irem \u00d6ne\u015f","ruolo":"Blog curator - Turca ","immagine":2061,"animazione":83,"citazione":"\"Quando perderai la paura di sembrare un principiante, incomincerai a volare\".","testo":"L'esperienza di Irem come Global Business Director in Turchia l'ha portata a unirsi al team Beewise come blog curator. Irem si occupa degli articoli di educazione finanziaria del magazine di Beewise. La sua missione \u00e8 aiutare i Beewisers a entrare nel mondo degli investimenti, semplificando i concetti finanziari pi\u00f9 importanti."},{"nome":"Fran\u00e7ois Lallemand","ruolo":"Tech Lead - Francese","immagine":4731,"animazione":81,"citazione":"\"Le cose importanti non sono mai facili. Persisti attraverso le sfide. La grandezza si trova appena oltre.\"","testo":"Fran\u00e7ois \u00e8 il responsabile tecnico di Beewise. Guida lo sviluppo dell'app mobile, concentrandosi sull'implementazione di tecnologie all'avanguardia per offrire funzionalit\u00e0 innovative, ottimizzare le prestazioni e garantire un'esperienza utente fluida e affidabile."},{"nome":"Andrea Brito","ruolo":"Customer Success Specialist - Italiano","immagine":5022,"animazione":83,"citazione":"\"Ricorda sempre che, sebbene ogni passo fatto possa sembrare piccolo, il loro effetto cumulativo costituisce la scala verso il successo.\"","testo":"In qualit\u00e0 di Customer Success Specialist, Andrea gestisce la relazione con i Beewiser ed \u00e8 responsabile della loro soddisfazione. Grazie alle sue competenze tecniche e capacit\u00e0 di comunicazione, i nostri clienti sono in ottime mani."},{"nome":"Mohamed Chara","ruolo":"Mobile Developer & UX Engineer - Francese","immagine":5024,"animazione":472,"citazione":"\"Abbraccia l'inaspettato; \u00e8 la porta verso la crescita e l'innovazione.\"","testo":"Mohamed \u00e8 un membro essenziale di Beewise, che porta innovazione alla nostra app di investimento come sviluppatore mobile e ingegnere UX. Guida attivamente lo sviluppo delle funzionalit\u00e0 e la stabilit\u00e0 dell'app, sia dal punto di vista tecnico che dell'esperienza utente, garantendo un'esperienza fluida e arricchente per la nostra comunit\u00e0 di investitori."}]},"eventi":{"titolo":"Dove ci siamo gi\u00e0 visti?","evento":[{"immagine":8857,"titolo":"Fintech Recruits 2024","data":"22 novembre 2024","estratto":"<span data-sheets-root=\"1\">Beewise \u00e8 stata a Lussemburgo, con uno stand e una chiacchierata sull\u2019app.<\/span>"},{"immagine":8859,"titolo":"Conferenza Azimut 2024","data":"30 ottobre 2024","estratto":"<span data-sheets-root=\"1\">Abbiamo mostrato la nostra app e parlato di investimenti smart.<\/span>"},{"immagine":4739,"titolo":"Conferenza ALFI Global Asset Manager 2024","data":"20 marzo 2024","estratto":"<span data-sheets-root=\"1\" data-sheets-value=\"{&quot;1&quot;:2,&quot;2&quot;:&quot;Matthias ha parlato di come la tecnologia blockchain abbia sbloccato il potenziale commerciale per Beewise.&quot;}\" data-sheets-userformat=\"{&quot;2&quot;:5005,&quot;3&quot;:{&quot;1&quot;:0},&quot;5&quot;:{&quot;1&quot;:[{&quot;1&quot;:2,&quot;2&quot;:0,&quot;5&quot;:{&quot;1&quot;:2,&quot;2&quot;:6710886}},{&quot;1&quot;:0,&quot;2&quot;:0,&quot;3&quot;:3},{&quot;1&quot;:1,&quot;2&quot;:0,&quot;4&quot;:1}]},&quot;6&quot;:{&quot;1&quot;:[{&quot;1&quot;:2,&quot;2&quot;:0,&quot;5&quot;:{&quot;1&quot;:2,&quot;2&quot;:6710886}},{&quot;1&quot;:0,&quot;2&quot;:0,&quot;3&quot;:3},{&quot;1&quot;:1,&quot;2&quot;:0,&quot;4&quot;:1}]},&quot;10&quot;:1,&quot;11&quot;:4,&quot;12&quot;:0,&quot;15&quot;:&quot;Lato&quot;}\">Matthias ha parlato di come la tecnologia blockchain abbia sbloccato il potenziale commerciale per Beewise.<\/span>"},{"immagine":4737,"titolo":"I Finance Awards 2023 in Lussemburgo","data":"21 novembre 2023","estratto":"<span data-sheets-root=\"1\" data-sheets-value=\"{&quot;1&quot;:2,&quot;2&quot;:&quot;Matthias ha ricevuto una nomina per la categoria 'Imprenditori Fintech'&quot;}\" data-sheets-userformat=\"{&quot;2&quot;:5005,&quot;3&quot;:{&quot;1&quot;:0},&quot;5&quot;:{&quot;1&quot;:[{&quot;1&quot;:2,&quot;2&quot;:0,&quot;5&quot;:{&quot;1&quot;:2,&quot;2&quot;:6710886}},{&quot;1&quot;:0,&quot;2&quot;:0,&quot;3&quot;:3},{&quot;1&quot;:1,&quot;2&quot;:0,&quot;4&quot;:1}]},&quot;6&quot;:{&quot;1&quot;:[{&quot;1&quot;:2,&quot;2&quot;:0,&quot;5&quot;:{&quot;1&quot;:2,&quot;2&quot;:6710886}},{&quot;1&quot;:0,&quot;2&quot;:0,&quot;3&quot;:3},{&quot;1&quot;:1,&quot;2&quot;:0,&quot;4&quot;:1}]},&quot;10&quot;:1,&quot;11&quot;:4,&quot;12&quot;:0,&quot;15&quot;:&quot;Lato&quot;}\">Matthias ha ricevuto una nomina per la categoria 'Imprenditori Fintech'<\/span>"},{"immagine":4735,"titolo":"Milan Fintech Summit 2023","data":"9-11 ottobre 2023","estratto":"<span data-sheets-root=\"1\" data-sheets-value=\"{&quot;1&quot;:2,&quot;2&quot;:&quot;Al Milan Fintech Summit, Beewise ha partecipato a un panel nel quale ha sottolineato l'importanza dell'educazione finanziaria. &quot;}\" data-sheets-userformat=\"{&quot;2&quot;:5005,&quot;3&quot;:{&quot;1&quot;:0},&quot;5&quot;:{&quot;1&quot;:[{&quot;1&quot;:2,&quot;2&quot;:0,&quot;5&quot;:{&quot;1&quot;:2,&quot;2&quot;:6710886}},{&quot;1&quot;:0,&quot;2&quot;:0,&quot;3&quot;:3},{&quot;1&quot;:1,&quot;2&quot;:0,&quot;4&quot;:1}]},&quot;6&quot;:{&quot;1&quot;:[{&quot;1&quot;:2,&quot;2&quot;:0,&quot;5&quot;:{&quot;1&quot;:2,&quot;2&quot;:6710886}},{&quot;1&quot;:0,&quot;2&quot;:0,&quot;3&quot;:3},{&quot;1&quot;:1,&quot;2&quot;:0,&quot;4&quot;:1}]},&quot;10&quot;:1,&quot;11&quot;:4,&quot;12&quot;:0,&quot;15&quot;:&quot;Lato&quot;}\">Al Milan Fintech Summit, Beewise ha partecipato a un panel nel quale ha sottolineato l'importanza dell'educazione finanziaria.<\/span>"},{"immagine":4733,"titolo":"Incontro con il Primo Ministro, Xavier Bettel, al Luxembourg House of Financial Technology (LHoFT)","data":"29 settembre 2023","estratto":"<span data-sheets-root=\"1\" data-sheets-value=\"{&quot;1&quot;:2,&quot;2&quot;:&quot;Abbiamo incontrato il Primo Ministro del Lussemburgo, Xavier Bettel, e abbiamo parlato brevemente con lui del panorama degli investimenti.&quot;}\" data-sheets-userformat=\"{&quot;2&quot;:5005,&quot;3&quot;:{&quot;1&quot;:0},&quot;5&quot;:{&quot;1&quot;:[{&quot;1&quot;:2,&quot;2&quot;:0,&quot;5&quot;:{&quot;1&quot;:2,&quot;2&quot;:6710886}},{&quot;1&quot;:0,&quot;2&quot;:0,&quot;3&quot;:3},{&quot;1&quot;:1,&quot;2&quot;:0,&quot;4&quot;:1}]},&quot;6&quot;:{&quot;1&quot;:[{&quot;1&quot;:2,&quot;2&quot;:0,&quot;5&quot;:{&quot;1&quot;:2,&quot;2&quot;:6710886}},{&quot;1&quot;:0,&quot;2&quot;:0,&quot;3&quot;:3},{&quot;1&quot;:1,&quot;2&quot;:0,&quot;4&quot;:1}]},&quot;10&quot;:1,&quot;11&quot;:4,&quot;12&quot;:0,&quot;15&quot;:&quot;Lato&quot;}\">Abbiamo incontrato il Primo Ministro del Lussemburgo, Xavier Bettel, e abbiamo parlato brevemente con lui del panorama degli investimenti.<\/span>"},{"immagine":3176,"titolo":"Conferenza annuale del gruppo Azimut ","data":"18 gennaio 2023","estratto":"<span data-sheets-value=\"{&quot;1&quot;:2,&quot;2&quot;:&quot;Nel 2023 il Gruppo Azimut espande i suoi servizi fintech. In questo Beewise ha un ruolo chiave.&quot;}\" data-sheets-userformat=\"{&quot;2&quot;:4492,&quot;5&quot;:{&quot;1&quot;:[{&quot;1&quot;:2,&quot;2&quot;:0,&quot;5&quot;:{&quot;1&quot;:2,&quot;2&quot;:16777215}},{&quot;1&quot;:0,&quot;2&quot;:0,&quot;3&quot;:3},{&quot;1&quot;:1,&quot;2&quot;:0,&quot;4&quot;:2}]},&quot;6&quot;:{&quot;1&quot;:[{&quot;1&quot;:2,&quot;2&quot;:0,&quot;5&quot;:{&quot;1&quot;:2,&quot;2&quot;:6710886}},{&quot;1&quot;:0,&quot;2&quot;:0,&quot;3&quot;:3},{&quot;1&quot;:1,&quot;2&quot;:0,&quot;4&quot;:1}]},&quot;10&quot;:1,&quot;11&quot;:4,&quot;15&quot;:&quot;Lato&quot;}\">Nel 2023 il Gruppo Azimut espande i suoi servizi fintech. In questo Beewise ha un ruolo chiave.<\/span>"},{"immagine":3180,"titolo":"Milan Fintech Summit","data":"6 ottobre 2022","estratto":"<span data-sheets-value=\"{&quot;1&quot;:2,&quot;2&quot;:&quot;I servizi finanziari del futuro saranno democratici e dovranno generare valore per l\u2019intera societ\u00e0.&quot;}\" data-sheets-userformat=\"{&quot;2&quot;:4488,&quot;6&quot;:{&quot;1&quot;:[{&quot;1&quot;:2,&quot;2&quot;:0,&quot;5&quot;:{&quot;1&quot;:2,&quot;2&quot;:6710886}},{&quot;1&quot;:0,&quot;2&quot;:0,&quot;3&quot;:3},{&quot;1&quot;:1,&quot;2&quot;:0,&quot;4&quot;:1}]},&quot;10&quot;:1,&quot;11&quot;:4,&quot;15&quot;:&quot;Lato&quot;}\">I servizi finanziari del futuro saranno democratici e dovranno generare valore per l\u2019intera societ\u00e0.<\/span>"},{"immagine":3178,"titolo":"Azimut Innovation Day","data":"20-21 settembre 2022","estratto":"<span data-sheets-value=\"{&quot;1&quot;:2,&quot;2&quot;:&quot;Un evento dedicato all'innovazione, alla consulenza finanziaria e alle startup di successo, come Beewise. &quot;}\" data-sheets-userformat=\"{&quot;2&quot;:4488,&quot;6&quot;:{&quot;1&quot;:[{&quot;1&quot;:2,&quot;2&quot;:0,&quot;5&quot;:{&quot;1&quot;:2,&quot;2&quot;:6710886}},{&quot;1&quot;:0,&quot;2&quot;:0,&quot;3&quot;:3},{&quot;1&quot;:1,&quot;2&quot;:0,&quot;4&quot;:1}]},&quot;10&quot;:1,&quot;11&quot;:4,&quot;15&quot;:&quot;Lato&quot;}\">Un evento dedicato all'innovazione, alla consulenza finanziaria e alle startup di successo, come Beewise. <\/span>"}]},"press_area":{"titolo":"Parlano bene di noi","animazione":83,"loghi":[{"logo":3182,"link":{"title":"","url":"https:\/\/www.advisoronline.it\/asset-manager\/societa-di-gestione-del-risparmio\/67015-azimut-l-app-beewise-amplia-la-propria-offerta-per-i-millennials1.action","target":"_blank"}},{"logo":3184,"link":{"title":"","url":"https:\/\/ffnews.com\/newsarticle\/azimut-chooses-salt-edge-to-bring-millennials-closer-to-investment\/","target":"_blank"}},{"logo":3186,"link":{"title":"","url":"https:\/\/www.milanofinanza.it\/news\/pronti-all-immersione-2581353","target":"_blank"}},{"logo":3188,"link":{"title":"","url":"https:\/\/www.wallstreetitalia.com\/azimut-tra-nuovi-prodotti-e-fintech-dalla-convention-annuale-la-strada-per-il-futuro\/","target":"_blank"}}]}},"yoast_head":"<!-- This site is optimized with the Yoast SEO plugin v20.1 - https:\/\/yoast.com\/wordpress\/plugins\/seo\/ -->\n<title>Beewise \u2013 Chi siamo<\/title>\n<meta name=\"description\" content=\"Un&#039;app che permette a tutti di investire, grazie all&#039;esperienza del global team Azimut.\" \/>\n<meta name=\"robots\" content=\"index, follow, max-snippet:-1, max-image-preview:large, max-video-preview:-1\" \/>\n<link rel=\"canonical\" href=\"https:\/\/beewiseapp.com\/it\/chi-siamo\" \/>\n<meta property=\"og:locale\" content=\"it_IT\" \/>\n<meta property=\"og:type\" content=\"article\" \/>\n<meta property=\"og:title\" content=\"Beewise \u2013 Chi siamo\" \/>\n<meta property=\"og:description\" content=\"Un&#039;app che permette a tutti di investire, grazie all&#039;esperienza del global team Azimut.\" \/>\n<meta property=\"og:url\" content=\"https:\/\/beewiseapp.com\/it\/chi-siamo\" \/>\n<meta property=\"og:site_name\" content=\"beewise it\" \/>\n<meta property=\"article:modified_time\" content=\"2025-11-04T15:56:33+00:00\" \/>\n<meta property=\"og:image\" content=\"https:\/\/beewiseapp.com\/it\/wp-content\/uploads\/sites\/2\/2022\/01\/CHI-SIAMO.jpg\" \/>\n\t<meta property=\"og:image:width\" content=\"1200\" \/>\n\t<meta property=\"og:image:height\" content=\"630\" \/>\n\t<meta property=\"og:image:type\" content=\"image\/jpeg\" \/>\n<meta name=\"twitter:card\" content=\"summary_large_image\" \/>\n<meta name=\"twitter:title\" content=\"Beewise \u2013 Chi siamo\" \/>\n<meta name=\"twitter:description\" content=\"Un&#039;app che permette a tutti di investire, grazie all&#039;esperienza del global team Azimut.\" \/>\n<meta name=\"twitter:image\" content=\"https:\/\/beewiseapp.com\/it\/wp-content\/uploads\/sites\/2\/2022\/01\/CHI-SIAMO.jpg\" \/>\n<script type=\"application\/ld+json\" class=\"yoast-schema-graph\">{\"@context\":\"https:\/\/schema.org\",\"@graph\":[{\"@type\":\"WebPage\",\"@id\":\"https:\/\/beewiseapp.com\/it\/chi-siamo\",\"url\":\"https:\/\/beewiseapp.com\/it\/chi-siamo\",\"name\":\"Beewise \u2013 Chi siamo\",\"isPartOf\":{\"@id\":\"https:\/\/beewiseapp.com\/it\/#website\"},\"datePublished\":\"2023-02-23T11:11:47+00:00\",\"dateModified\":\"2025-11-04T15:56:33+00:00\",\"description\":\"Un'app che permette a tutti di investire, grazie all'esperienza del global team Azimut.\",\"breadcrumb\":{\"@id\":\"https:\/\/beewiseapp.com\/it\/chi-siamo#breadcrumb\"},\"inLanguage\":\"it-IT\",\"potentialAction\":[{\"@type\":\"ReadAction\",\"target\":[\"https:\/\/beewiseapp.com\/it\/chi-siamo\"]}]},{\"@type\":\"BreadcrumbList\",\"@id\":\"https:\/\/beewiseapp.com\/it\/chi-siamo#breadcrumb\",\"itemListElement\":[{\"@type\":\"ListItem\",\"position\":1,\"name\":\"Home\",\"item\":\"https:\/\/beewiseapp.com\/it\"},{\"@type\":\"ListItem\",\"position\":2,\"name\":\"Chi siamo\"}]},{\"@type\":\"WebSite\",\"@id\":\"https:\/\/beewiseapp.com\/it\/#website\",\"url\":\"https:\/\/beewiseapp.com\/it\/\",\"name\":\"beewise it\",\"description\":\"Believe, invest, grow.\",\"potentialAction\":[{\"@type\":\"SearchAction\",\"target\":{\"@type\":\"EntryPoint\",\"urlTemplate\":\"https:\/\/beewiseapp.com\/it\/?s={search_term_string}\"},\"query-input\":\"required name=search_term_string\"}],\"inLanguage\":\"it-IT\"}]}<\/script>\n<!-- \/ Yoast SEO plugin. -->","yoast_head_json":{"title":"Beewise \u2013 Chi siamo","description":"Un'app che permette a tutti di investire, grazie all'esperienza del global team Azimut.","robots":{"index":"index","follow":"follow","max-snippet":"max-snippet:-1","max-image-preview":"max-image-preview:large","max-video-preview":"max-video-preview:-1"},"canonical":"https:\/\/beewiseapp.com\/it\/chi-siamo","og_locale":"it_IT","og_type":"article","og_title":"Beewise \u2013 Chi siamo","og_description":"Un'app che permette a tutti di investire, grazie all'esperienza del global team Azimut.","og_url":"https:\/\/beewiseapp.com\/it\/chi-siamo","og_site_name":"beewise it","article_modified_time":"2025-11-04T15:56:33+00:00","og_image":[{"width":1200,"height":630,"url":"https:\/\/beewiseapp.com\/it\/wp-content\/uploads\/sites\/2\/2022\/01\/CHI-SIAMO.jpg","type":"image\/jpeg"}],"twitter_card":"summary_large_image","twitter_title":"Beewise \u2013 Chi siamo","twitter_description":"Un'app che permette a tutti di investire, grazie all'esperienza del global team Azimut.","twitter_image":"https:\/\/beewiseapp.com\/it\/wp-content\/uploads\/sites\/2\/2022\/01\/CHI-SIAMO.jpg","schema":{"@context":"https:\/\/schema.org","@graph":[{"@type":"WebPage","@id":"https:\/\/beewiseapp.com\/it\/chi-siamo","url":"https:\/\/beewiseapp.com\/it\/chi-siamo","name":"Beewise \u2013 Chi siamo","isPartOf":{"@id":"https:\/\/beewiseapp.com\/it\/#website"},"datePublished":"2023-02-23T11:11:47+00:00","dateModified":"2025-11-04T15:56:33+00:00","description":"Un'app che permette a tutti di investire, grazie all'esperienza del global team Azimut.","breadcrumb":{"@id":"https:\/\/beewiseapp.com\/it\/chi-siamo#breadcrumb"},"inLanguage":"it-IT","potentialAction":[{"@type":"ReadAction","target":["https:\/\/beewiseapp.com\/it\/chi-siamo"]}]},{"@type":"BreadcrumbList","@id":"https:\/\/beewiseapp.com\/it\/chi-siamo#breadcrumb","itemListElement":[{"@type":"ListItem","position":1,"name":"Home","item":"https:\/\/beewiseapp.com\/it"},{"@type":"ListItem","position":2,"name":"Chi siamo"}]},{"@type":"WebSite","@id":"https:\/\/beewiseapp.com\/it\/#website","url":"https:\/\/beewiseapp.com\/it\/","name":"beewise it","description":"Believe, invest, grow.","potentialAction":[{"@type":"SearchAction","target":{"@type":"EntryPoint","urlTemplate":"https:\/\/beewiseapp.com\/it\/?s={search_term_string}"},"query-input":"required name=search_term_string"}],"inLanguage":"it-IT"}]}},"_links":{"self":[{"href":"https:\/\/beewiseapp.com\/it\/wp-json\/wp\/v2\/pages\/3173","targetHints":{"allow":["GET"]}}],"collection":[{"href":"https:\/\/beewiseapp.com\/it\/wp-json\/wp\/v2\/pages"}],"about":[{"href":"https:\/\/beewiseapp.com\/it\/wp-json\/wp\/v2\/types\/page"}],"author":[{"embeddable":true,"href":"https:\/\/beewiseapp.com\/it\/wp-json\/wp\/v2\/users\/1"}],"replies":[{"embeddable":true,"href":"https:\/\/beewiseapp.com\/it\/wp-json\/wp\/v2\/comments?post=3173"}],"version-history":[{"count":19,"href":"https:\/\/beewiseapp.com\/it\/wp-json\/wp\/v2\/pages\/3173\/revisions"}],"predecessor-version":[{"id":10342,"href":"https:\/\/beewiseapp.com\/it\/wp-json\/wp\/v2\/pages\/3173\/revisions\/10342"}],"wp:attachment":[{"href":"https:\/\/beewiseapp.com\/it\/wp-json\/wp\/v2\/media?parent=3173"}],"curies":[{"name":"wp","href":"https:\/\/api.w.org\/{rel}","templated":true}]}}