{"id":3197,"date":"2023-02-23T10:44:10","date_gmt":"2023-02-23T09:44:10","guid":{"rendered":"https:\/\/beewiseapp.com\/it\/?page_id=3197"},"modified":"2025-02-06T14:47:22","modified_gmt":"2025-02-06T13:47:22","slug":"si-ma-come-funziona","status":"publish","type":"page","link":"https:\/\/beewiseapp.com\/it\/si-ma-come-funziona","title":{"rendered":"S\u00ec, ma come funziona?"},"content":{"rendered":"<p>Dimentica i contratti cartacei, con noi fai tutto da smartphone.<br \/>\nL\u2019app ti guida passo dopo passo. Impossibile perdersi, facilissimo cominciare.<\/p>\n","protected":false},"excerpt":{"rendered":"<p>Dimentica i contratti cartacei, con noi fai tutto da smartphone. L\u2019app ti guida passo dopo passo. Impossibile perdersi, facilissimo cominciare.<\/p>\n","protected":false},"author":1,"featured_media":0,"parent":0,"menu_order":0,"comment_status":"closed","ping_status":"closed","template":"page-templates\/come-funziona.php","meta":{"_crosspost_to_1":false,"_crosspost_to_3":false,"_crosspost_to_4":false,"_crosspost_to_5":false,"content-type":"","footnotes":""},"class_list":["post-3197","page","type-page","status-publish","hentry"],"acf":{"steps":[{"titolo":"Crea un account, in 10 minuti.","animazione":630},{"titolo":"Imposta il tuo traguardo.","animazione":632},{"titolo":"Inizia a investire, tutti i mesi.","animazione":634},{"titolo":"Tieni tutto sotto controllo.","animazione":636},{"titolo":"Dona l'1% a WeForest.","animazione":3200}],"steps_big":[{"immagine":2519,"titolo":"Crea un account, in 10 minuti.","testo":"Servono solo le tue info personali, un documento d\u2019identit\u00e0 da scansionare con lo smartphone e un sorriso per un selfie di conferma. ","pulsante":{"title":"Guarda il video","url":"https:\/\/www.youtube.com\/watch?v=92hELupsOd4&rel=0","target":""},"animazione":115,"animazione_2":""},{"immagine":2521,"titolo":"Imposta il tuo traguardo.","testo":"Prima scegli un traguardo (Viaggio? Macchina? Chiringuito ai Caraibi?), poi selezioni un portafoglio per raggiungerlo. ","pulsante":{"title":"Guarda il video","url":"https:\/\/www.youtube.com\/watch?v=jnNJJiZiGW8","target":""},"animazione":118,"animazione_2":83},{"immagine":2523,"titolo":"Inizia a investire, tutti i mesi.","testo":"Le abitudini sono la chiave per raggiungere i tuoi traguardi. \u00c8 semplice, colleghi il tuo conto in banca e inizi a investire, tutti i mesi. Il tuo traguardo \u00e8 gi\u00e0 pi\u00f9 vicino di 10 minuti fa.","pulsante":{"title":"Guarda il video","url":"https:\/\/www.youtube.com\/watch?v=ydi7hWTB-tE&rel=0","target":""},"animazione":518,"animazione_2":130},{"immagine":2856,"titolo":"Fai crescere i tuoi risparmi.","testo":"Con la funzione Personal Financial Manager puoi creare dei budget per categoria (come vacanze, shopping, ristoranti, etc\u2026). Cos\u00ec alla fine del mese, quello che non hai speso, lo investi nel portafoglio che preferisci.","pulsante":{"title":"Guarda il video","url":"https:\/\/www.youtube.com\/watch?v=LWVadp-tNTA","target":""},"animazione":520,"animazione_2":""},{"immagine":3202,"titolo":"Investi anche nel pianeta.","testo":"Attraverso l'app di Beewise, ad ogni investimento, puoi decidere di donare l'1% a WeForest.\r\nCos\u00ec i tuoi risparmi crescono insieme a nuovi alberi.","pulsante":{"title":"Guarda il video","url":"https:\/\/www.youtube.com\/watch?v=T7AghHijSf0","target":""},"animazione":3204,"animazione_2":""}],"cta_faq":{"titolo":"Hai qualche domanda?","testo":"Dai un\u2019occhiata alle nostre <a href=\"\/faq\/\">FAQ<\/a>."}},"yoast_head":"<!-- This site is optimized with the Yoast SEO plugin v20.1 - https:\/\/yoast.com\/wordpress\/plugins\/seo\/ -->\n<title>Beewise \u2013 Come funziona<\/title>\n<meta name=\"description\" content=\"Crei un account, imposti un traguardo e inizi a investire. Tutto con una sola app.\" \/>\n<meta name=\"robots\" content=\"index, follow, max-snippet:-1, max-image-preview:large, max-video-preview:-1\" \/>\n<link rel=\"canonical\" href=\"https:\/\/beewiseapp.com\/it\/si-ma-come-funziona\" \/>\n<meta property=\"og:locale\" content=\"it_IT\" \/>\n<meta property=\"og:type\" content=\"article\" \/>\n<meta property=\"og:title\" content=\"Beewise \u2013 Come funziona\" \/>\n<meta property=\"og:description\" content=\"Crei un account, imposti un traguardo e inizi a investire. Tutto con una sola app.\" \/>\n<meta property=\"og:url\" content=\"https:\/\/beewiseapp.com\/it\/si-ma-come-funziona\" \/>\n<meta property=\"og:site_name\" content=\"beewise it\" \/>\n<meta property=\"article:modified_time\" content=\"2025-02-06T13:47:22+00:00\" \/>\n<meta property=\"og:image\" content=\"https:\/\/beewiseapp.com\/it\/wp-content\/uploads\/sites\/2\/2022\/01\/COME-FUNZIONA.jpg\" \/>\n\t<meta property=\"og:image:width\" content=\"1200\" \/>\n\t<meta property=\"og:image:height\" content=\"630\" \/>\n\t<meta property=\"og:image:type\" content=\"image\/jpeg\" \/>\n<meta name=\"twitter:card\" content=\"summary_large_image\" \/>\n<meta name=\"twitter:title\" content=\"Beewise \u2013 Come funziona\" \/>\n<meta name=\"twitter:description\" content=\"Crei un account, imposti un traguardo e inizi a investire. Tutto con una sola app.\" \/>\n<meta name=\"twitter:image\" content=\"https:\/\/beewiseapp.com\/it\/wp-content\/uploads\/sites\/2\/2022\/01\/COME-FUNZIONA.jpg\" \/>\n<meta name=\"twitter:label1\" content=\"Tempo di lettura stimato\" \/>\n\t<meta name=\"twitter:data1\" content=\"1 minuto\" \/>\n<script type=\"application\/ld+json\" class=\"yoast-schema-graph\">{\"@context\":\"https:\/\/schema.org\",\"@graph\":[{\"@type\":\"WebPage\",\"@id\":\"https:\/\/beewiseapp.com\/it\/si-ma-come-funziona\",\"url\":\"https:\/\/beewiseapp.com\/it\/si-ma-come-funziona\",\"name\":\"Beewise \u2013 Come funziona\",\"isPartOf\":{\"@id\":\"https:\/\/beewiseapp.com\/it\/#website\"},\"datePublished\":\"2023-02-23T09:44:10+00:00\",\"dateModified\":\"2025-02-06T13:47:22+00:00\",\"description\":\"Crei un account, imposti un traguardo e inizi a investire. Tutto con una sola app.\",\"breadcrumb\":{\"@id\":\"https:\/\/beewiseapp.com\/it\/si-ma-come-funziona#breadcrumb\"},\"inLanguage\":\"it-IT\",\"potentialAction\":[{\"@type\":\"ReadAction\",\"target\":[\"https:\/\/beewiseapp.com\/it\/si-ma-come-funziona\"]}]},{\"@type\":\"BreadcrumbList\",\"@id\":\"https:\/\/beewiseapp.com\/it\/si-ma-come-funziona#breadcrumb\",\"itemListElement\":[{\"@type\":\"ListItem\",\"position\":1,\"name\":\"Home\",\"item\":\"https:\/\/beewiseapp.com\/it\"},{\"@type\":\"ListItem\",\"position\":2,\"name\":\"S\u00ec, ma come funziona?\"}]},{\"@type\":\"WebSite\",\"@id\":\"https:\/\/beewiseapp.com\/it\/#website\",\"url\":\"https:\/\/beewiseapp.com\/it\/\",\"name\":\"beewise it\",\"description\":\"Believe, invest, grow.\",\"potentialAction\":[{\"@type\":\"SearchAction\",\"target\":{\"@type\":\"EntryPoint\",\"urlTemplate\":\"https:\/\/beewiseapp.com\/it\/?s={search_term_string}\"},\"query-input\":\"required name=search_term_string\"}],\"inLanguage\":\"it-IT\"}]}<\/script>\n<!-- \/ Yoast SEO plugin. -->","yoast_head_json":{"title":"Beewise \u2013 Come funziona","description":"Crei un account, imposti un traguardo e inizi a investire. Tutto con una sola app.","robots":{"index":"index","follow":"follow","max-snippet":"max-snippet:-1","max-image-preview":"max-image-preview:large","max-video-preview":"max-video-preview:-1"},"canonical":"https:\/\/beewiseapp.com\/it\/si-ma-come-funziona","og_locale":"it_IT","og_type":"article","og_title":"Beewise \u2013 Come funziona","og_description":"Crei un account, imposti un traguardo e inizi a investire. Tutto con una sola app.","og_url":"https:\/\/beewiseapp.com\/it\/si-ma-come-funziona","og_site_name":"beewise it","article_modified_time":"2025-02-06T13:47:22+00:00","og_image":[{"width":1200,"height":630,"url":"https:\/\/beewiseapp.com\/it\/wp-content\/uploads\/sites\/2\/2022\/01\/COME-FUNZIONA.jpg","type":"image\/jpeg"}],"twitter_card":"summary_large_image","twitter_title":"Beewise \u2013 Come funziona","twitter_description":"Crei un account, imposti un traguardo e inizi a investire. Tutto con una sola app.","twitter_image":"https:\/\/beewiseapp.com\/it\/wp-content\/uploads\/sites\/2\/2022\/01\/COME-FUNZIONA.jpg","twitter_misc":{"Tempo di lettura stimato":"1 minuto"},"schema":{"@context":"https:\/\/schema.org","@graph":[{"@type":"WebPage","@id":"https:\/\/beewiseapp.com\/it\/si-ma-come-funziona","url":"https:\/\/beewiseapp.com\/it\/si-ma-come-funziona","name":"Beewise \u2013 Come funziona","isPartOf":{"@id":"https:\/\/beewiseapp.com\/it\/#website"},"datePublished":"2023-02-23T09:44:10+00:00","dateModified":"2025-02-06T13:47:22+00:00","description":"Crei un account, imposti un traguardo e inizi a investire. Tutto con una sola app.","breadcrumb":{"@id":"https:\/\/beewiseapp.com\/it\/si-ma-come-funziona#breadcrumb"},"inLanguage":"it-IT","potentialAction":[{"@type":"ReadAction","target":["https:\/\/beewiseapp.com\/it\/si-ma-come-funziona"]}]},{"@type":"BreadcrumbList","@id":"https:\/\/beewiseapp.com\/it\/si-ma-come-funziona#breadcrumb","itemListElement":[{"@type":"ListItem","position":1,"name":"Home","item":"https:\/\/beewiseapp.com\/it"},{"@type":"ListItem","position":2,"name":"S\u00ec, ma come funziona?"}]},{"@type":"WebSite","@id":"https:\/\/beewiseapp.com\/it\/#website","url":"https:\/\/beewiseapp.com\/it\/","name":"beewise it","description":"Believe, invest, grow.","potentialAction":[{"@type":"SearchAction","target":{"@type":"EntryPoint","urlTemplate":"https:\/\/beewiseapp.com\/it\/?s={search_term_string}"},"query-input":"required name=search_term_string"}],"inLanguage":"it-IT"}]}},"_links":{"self":[{"href":"https:\/\/beewiseapp.com\/it\/wp-json\/wp\/v2\/pages\/3197","targetHints":{"allow":["GET"]}}],"collection":[{"href":"https:\/\/beewiseapp.com\/it\/wp-json\/wp\/v2\/pages"}],"about":[{"href":"https:\/\/beewiseapp.com\/it\/wp-json\/wp\/v2\/types\/page"}],"author":[{"embeddable":true,"href":"https:\/\/beewiseapp.com\/it\/wp-json\/wp\/v2\/users\/1"}],"replies":[{"embeddable":true,"href":"https:\/\/beewiseapp.com\/it\/wp-json\/wp\/v2\/comments?post=3197"}],"version-history":[{"count":5,"href":"https:\/\/beewiseapp.com\/it\/wp-json\/wp\/v2\/pages\/3197\/revisions"}],"predecessor-version":[{"id":8125,"href":"https:\/\/beewiseapp.com\/it\/wp-json\/wp\/v2\/pages\/3197\/revisions\/8125"}],"wp:attachment":[{"href":"https:\/\/beewiseapp.com\/it\/wp-json\/wp\/v2\/media?parent=3197"}],"curies":[{"name":"wp","href":"https:\/\/api.w.org\/{rel}","templated":true}]}}