{"id":7074,"date":"2024-11-06T18:54:45","date_gmt":"2024-11-06T17:54:45","guid":{"rendered":"https:\/\/beewiseapp.com\/lu\/?page_id=7074"},"modified":"2025-12-12T13:55:59","modified_gmt":"2025-12-12T12:55:59","slug":"landing-investments","status":"publish","type":"page","link":"https:\/\/beewiseapp.com\/lu","title":{"rendered":"Landing investments"},"content":{"rendered":"","protected":false},"excerpt":{"rendered":"","protected":false},"author":1,"featured_media":0,"parent":0,"menu_order":0,"comment_status":"closed","ping_status":"closed","template":"page-templates\/landing-investments-lu.php","meta":{"_crosspost_to_1":false,"_crosspost_to_2":false,"_crosspost_to_3":false,"_crosspost_to_4":false,"content-type":"","footnotes":""},"class_list":["post-7074","page","type-page","status-publish","hentry"],"acf":{"cover":{"text":"<h1 style=\"text-align: center;\"><span data-sheets-root=\"1\">Investitioune w\u00e4erten<\/span>\r\n<span data-sheets-root=\"1\">ni m\u00e9i d\u2019selwecht sinn.<\/span><\/h1>\r\n<p style=\"text-align: center;\"><span data-sheets-root=\"1\">Yuppi, Beewise ass \u00ebnnerwee!\r\nInvestitioune gi geschw\u00ebnn intelligent, einfach an zoug\u00e4nglech.\r\nSidd vun Ufank un Deel vun der Ver\u00e4nnerung.<\/span><\/p>","buttons":[{"button":{"title":"Setzt Iech op d\u2019Waartel\u00ebscht","url":"#join","target":""},"is_primary":true}],"image_left":"","image_right":7075},"page_blocks":[{"acf_fc_layout":"text_with_hubspot_form","text":"<h2><span data-sheets-root=\"1\">Den \u00e9ischten, deen erofluet, ass den \u00e9ischten, deen invest\u00e9iert.<\/span><\/h2>\r\n<span data-sheets-root=\"1\">Hannerloosst eis \u00c4r Informatiounen a mir benoriichtegen Iech, esoubal Beewise an \u00c4rem Land verf\u00fcgbar ass.<\/span>","swap_order":false,"has_lighter_background":false,"viral_loops_form_id":"LuVFEo4lrtpVqssQXND1o3r0zQQ","viral_loops_form_disclaimer":"See our\u00a0<a href=\"https:\/\/beewiseapp.com\/wp-content\/uploads\/2025\/06\/Beewise_information_notice_ENG_OC-REV2517199.1.pdf\" target=\"_blank\" rel=\"noopener\" data-saferedirecturl=\"https:\/\/www.google.com\/url?q=https:\/\/beewiseapp.com\/wp-content\/uploads\/2025\/06\/Beewise_information_notice_ENG_OC-REV2517199.1.pdf&amp;source=gmail&amp;ust=1749739548018000&amp;usg=AOvVaw2B5agb6juCzhNAjPA9_Zxd\">Information Notice<\/a>,\u00a0<a href=\"https:\/\/beewiseapp.com\/wp-content\/uploads\/2025\/06\/Beewise-Website_Terms-and-Conditions_ENG_final-LUX_Rev-OC2517174.1.pdf\" target=\"_blank\" rel=\"noopener\" data-saferedirecturl=\"https:\/\/www.google.com\/url?q=https:\/\/beewiseapp.com\/wp-content\/uploads\/2025\/06\/Beewise-Website_Terms-and-Conditions_ENG_final-LUX_Rev-OC2517174.1.pdf&amp;source=gmail&amp;ust=1749739548018000&amp;usg=AOvVaw0GqgpJzs1fg1Nz5bRWB3KH\">Terms and Conditions<\/a>, and <a href=\"https:\/\/beewiseapp.com\/international\/wp-content\/uploads\/sites\/7\/2025\/07\/Beewise_cookie_policy_EN_030725.pdf\" target=\"_blank\" rel=\"noopener\">Cookie Policy<\/a> for more details."},{"acf_fc_layout":"cards_slider","title":"<h1><span data-sheets-root=\"1\">Investitiounen a Reechw\u00e4it vu jiddwerengem.<\/span><\/h1>","cards":[{"icon":7081,"title":"Keng Kenntnesser iwwer Finanzen? Kee Problem!","text":"<strong>Invest\u00e9iert a Beewise, och wann Dir kee Finanzexpert sidd.<\/strong>\r\n\r\n<span data-sheets-root=\"1\">Leet \u00c4r Ziler an \u00c4re Budget fest a wielt den theematesche Portfolio, deen Iech gef\u00e4llt. Dir k\u00ebnnt n\u00e4ischt falsch maachen. D\u2019App schl\u00e9it Iech de passenden Investitiounsprofil vir an eng Expertenekipp verwalt \u00c4re Portfolio.<\/span>"},{"icon":7077,"title":"Wielt en Zil, dat Dir erreeche w\u00ebllt.","text":"<strong>Et muss dach eppes ginn, wat Dir w\u00ebllt.<\/strong>\r\n\r\n<span data-sheets-root=\"1\">Eng Weltrees, en Haus um Mier, e Cabrio\u202f\u2026 Oder n\u00ebmmen eng nei Fotell. Dir wielt \u00c4ert Zil a mir h\u00ebllefen Iech, et ze erreechen.<\/span>"},{"icon":7085,"title":"Mat 10\u202f\u20ac Grousses erreechen.","text":"<strong>Mat Beewise k\u00ebnnt Dir kleng uf\u00e4nken.<\/strong>\r\n\r\n<span data-sheets-root=\"1\">Dir k\u00ebnnt scho mat n\u00ebmmen 10\u202f\u20ac uf\u00e4nken ze invest\u00e9ieren. Setzt all Mount e klenge Betrag derb\u00e4i, esouvill Dir w\u00ebllt, an ouni et ze bemierken, gesitt Dir \u00c4r Investitioun wuessen.<\/span>"},{"icon":7083,"title":"Hutt Dir Erspuernesser? Tippt hei!","text":"<strong>Mat der Funktioun \u201ePers\u00e9inleche Finanzmanager\u201c k\u00ebnnt Dir e m\u00e9intleche Budget fir jiddwer Kategorie festlee\u00ebn.<\/strong>\r\n\r\n<span data-sheets-root=\"1\">D\u2019App benoriichtegt Iech, wann Dir en iwwerschreit oder spuert, jee nom vun Iech festgeluechte Budget. Um Enn vum Mount musst Dir n\u00ebmmen eng K\u00e9ier tippen, fir \u00c4r Erspuernesser ze invest\u00e9ieren.<\/span>"}],"has_lighter_background":true},{"acf_fc_layout":"text_with_image","text":"<h2><span data-sheets-root=\"1\">W\u00e4rend Dir Pl\u00e4ng maacht, m\u00e9cht de Plan\u00e9it Fortschr\u00ebtter.<\/span><\/h2>\r\nDir k\u00ebnnt aus 6 diversifiz\u00e9ierte Portfolioe wielen, vun deene 5 zuk\u00fcnfteg Megatrende sinn. An andeem Dir ee vun hinne wielt, maacht Dir dee richtege Choix fir \u00c4ert Kapital an och fir d\u2019Welt.","image":7087,"image_mobile":"","swap_order":true,"has_lighter_background":false},{"acf_fc_layout":"text_with_image","text":"<img class=\"alignnone size-full wp-image-7089\" src=\"https:\/\/beewiseapp.com\/lu\/wp-content\/uploads\/sites\/5\/2024\/11\/Logo-WeForest.png\" alt=\"\" width=\"113\" height=\"64\" \/>\r\n<h2><span data-sheets-root=\"1\">\u00c4r Erspuernesser wuesse mat de Beem.<\/span><\/h2>\r\n<span data-sheets-root=\"1\"><strong>Dir k\u00ebnnt och 1\u202f% vun \u00c4ren Investitiounen u WeForest<\/strong>\u202f\u2013 eng ASBL, d\u00e9i sech op Er\u00ebmopfierschtungsprojete konzentr\u00e9iert\u202f\u2013 spenden.Dat ass n\u00ebmmen den Ufank, awer zesumme k\u00ebnne mir de Plan\u00e9it m\u00e9i gr\u00e9ng maachen.<\/span>","image":7091,"image_mobile":7093,"swap_order":false,"has_lighter_background":false},{"acf_fc_layout":"text_with_image","text":"<h2><span data-sheets-root=\"1\">Mir sinn nei, awer keng Spunte m\u00e9i.<\/span><\/h2>\r\n<span data-sheets-root=\"1\">Beewise ass Deel vum <strong>Azimut\u202fGroup<\/strong>, deen zanter <strong>30\u202fJoer<\/strong> Maartf\u00e9ierer um Investitiounsmaart ass. Dat bedeit, datt all Portfolioe vun enger Expertenekipp verwalt ginn an Dir Iech entspane k\u00ebnnt, w\u00e4rend mir doru schaffen, \u00c4r Erspuernesser ze steigeren.<\/span>","image":7095,"image_mobile":"","swap_order":true,"has_lighter_background":true}],"footer_cta":{"text":"<h2 style=\"text-align: center;\"><span data-sheets-root=\"1\">Op wat waart Dir nach?<\/span><\/h2>","buttons":[{"button":{"title":"Setzt Iech op d\u2019Waartel\u00ebscht","url":"#join","target":""},"is_primary":true}]}},"yoast_head":"<!-- This site is optimized with the Yoast SEO plugin v20.1 - https:\/\/yoast.com\/wordpress\/plugins\/seo\/ -->\n<title>Landing investments - beewise lu<\/title>\n<meta name=\"robots\" content=\"index, follow, max-snippet:-1, max-image-preview:large, max-video-preview:-1\" \/>\n<link rel=\"canonical\" href=\"https:\/\/beewiseapp.com\/lu\" \/>\n<meta property=\"og:locale\" content=\"en_US\" \/>\n<meta property=\"og:type\" content=\"article\" \/>\n<meta property=\"og:title\" content=\"Landing investments - beewise lu\" \/>\n<meta property=\"og:url\" content=\"https:\/\/beewiseapp.com\/lu\" \/>\n<meta property=\"og:site_name\" content=\"beewise lu\" \/>\n<meta property=\"article:modified_time\" content=\"2025-12-12T12:55:59+00:00\" \/>\n<meta name=\"twitter:card\" content=\"summary_large_image\" \/>\n<script type=\"application\/ld+json\" class=\"yoast-schema-graph\">{\"@context\":\"https:\/\/schema.org\",\"@graph\":[{\"@type\":\"WebPage\",\"@id\":\"https:\/\/beewiseapp.com\/lu\",\"url\":\"https:\/\/beewiseapp.com\/lu\",\"name\":\"Landing investments - beewise lu\",\"isPartOf\":{\"@id\":\"https:\/\/beewiseapp.com\/lu\/#website\"},\"datePublished\":\"2024-11-06T17:54:45+00:00\",\"dateModified\":\"2025-12-12T12:55:59+00:00\",\"breadcrumb\":{\"@id\":\"https:\/\/beewiseapp.com\/lu#breadcrumb\"},\"inLanguage\":\"lu-FR\",\"potentialAction\":[{\"@type\":\"ReadAction\",\"target\":[\"https:\/\/beewiseapp.com\/lu\"]}]},{\"@type\":\"BreadcrumbList\",\"@id\":\"https:\/\/beewiseapp.com\/lu#breadcrumb\",\"itemListElement\":[{\"@type\":\"ListItem\",\"position\":1,\"name\":\"Home\",\"item\":\"https:\/\/beewiseapp.com\/lu\"},{\"@type\":\"ListItem\",\"position\":2,\"name\":\"Landing investments\"}]},{\"@type\":\"WebSite\",\"@id\":\"https:\/\/beewiseapp.com\/lu\/#website\",\"url\":\"https:\/\/beewiseapp.com\/lu\/\",\"name\":\"beewise lu\",\"description\":\"Believe, invest, grow.\",\"potentialAction\":[{\"@type\":\"SearchAction\",\"target\":{\"@type\":\"EntryPoint\",\"urlTemplate\":\"https:\/\/beewiseapp.com\/lu\/?s={search_term_string}\"},\"query-input\":\"required name=search_term_string\"}],\"inLanguage\":\"lu-FR\"}]}<\/script>\n<!-- \/ Yoast SEO plugin. -->","yoast_head_json":{"title":"Landing investments - beewise lu","robots":{"index":"index","follow":"follow","max-snippet":"max-snippet:-1","max-image-preview":"max-image-preview:large","max-video-preview":"max-video-preview:-1"},"canonical":"https:\/\/beewiseapp.com\/lu","og_locale":"en_US","og_type":"article","og_title":"Landing investments - beewise lu","og_url":"https:\/\/beewiseapp.com\/lu","og_site_name":"beewise lu","article_modified_time":"2025-12-12T12:55:59+00:00","twitter_card":"summary_large_image","schema":{"@context":"https:\/\/schema.org","@graph":[{"@type":"WebPage","@id":"https:\/\/beewiseapp.com\/lu","url":"https:\/\/beewiseapp.com\/lu","name":"Landing investments - beewise lu","isPartOf":{"@id":"https:\/\/beewiseapp.com\/lu\/#website"},"datePublished":"2024-11-06T17:54:45+00:00","dateModified":"2025-12-12T12:55:59+00:00","breadcrumb":{"@id":"https:\/\/beewiseapp.com\/lu#breadcrumb"},"inLanguage":"lu-FR","potentialAction":[{"@type":"ReadAction","target":["https:\/\/beewiseapp.com\/lu"]}]},{"@type":"BreadcrumbList","@id":"https:\/\/beewiseapp.com\/lu#breadcrumb","itemListElement":[{"@type":"ListItem","position":1,"name":"Home","item":"https:\/\/beewiseapp.com\/lu"},{"@type":"ListItem","position":2,"name":"Landing investments"}]},{"@type":"WebSite","@id":"https:\/\/beewiseapp.com\/lu\/#website","url":"https:\/\/beewiseapp.com\/lu\/","name":"beewise lu","description":"Believe, invest, grow.","potentialAction":[{"@type":"SearchAction","target":{"@type":"EntryPoint","urlTemplate":"https:\/\/beewiseapp.com\/lu\/?s={search_term_string}"},"query-input":"required name=search_term_string"}],"inLanguage":"lu-FR"}]}},"_links":{"self":[{"href":"https:\/\/beewiseapp.com\/lu\/wp-json\/wp\/v2\/pages\/7074","targetHints":{"allow":["GET"]}}],"collection":[{"href":"https:\/\/beewiseapp.com\/lu\/wp-json\/wp\/v2\/pages"}],"about":[{"href":"https:\/\/beewiseapp.com\/lu\/wp-json\/wp\/v2\/types\/page"}],"author":[{"embeddable":true,"href":"https:\/\/beewiseapp.com\/lu\/wp-json\/wp\/v2\/users\/1"}],"replies":[{"embeddable":true,"href":"https:\/\/beewiseapp.com\/lu\/wp-json\/wp\/v2\/comments?post=7074"}],"version-history":[{"count":10,"href":"https:\/\/beewiseapp.com\/lu\/wp-json\/wp\/v2\/pages\/7074\/revisions"}],"predecessor-version":[{"id":7708,"href":"https:\/\/beewiseapp.com\/lu\/wp-json\/wp\/v2\/pages\/7074\/revisions\/7708"}],"wp:attachment":[{"href":"https:\/\/beewiseapp.com\/lu\/wp-json\/wp\/v2\/media?parent=7074"}],"curies":[{"name":"wp","href":"https:\/\/api.w.org\/{rel}","templated":true}]}}